{"id":592,"date":"2024-06-08T18:11:01","date_gmt":"2024-06-08T18:11:01","guid":{"rendered":"https:\/\/www.tarotsirabel.com\/?page_id=592"},"modified":"2024-06-08T18:11:13","modified_gmt":"2024-06-08T18:11:13","slug":"politica-de-privacidad","status":"publish","type":"page","link":"https:\/\/www.tarotsirabel.com\/index.php\/politica-de-privacidad\/","title":{"rendered":"Pol\u00edtica de Privacidad"},"content":{"rendered":"<h4 id=\"identificaci\u00f3n-y-titularidad\">Identificaci\u00f3n y Titularidad<\/h4>\n<p>Este sitio Web est\u00e1 bajo el Reglamento Europeo de Protecci\u00f3n de Datos (RGPD) y a la reciente Ley Org\u00e1nica 3\/2018, de 5 de diciembre, de Protecci\u00f3n de Datos Personales y garant\u00eda de los derechos digitales.<\/p>\n<ul>\n<li><strong>Titular:<\/strong>\u00a0Siramiguel S.L<\/li>\n<li><strong>CIF:<\/strong>\u00a0\u00a0B65604100<\/li>\n<li><strong>Domicilio:<\/strong>\u00a0Carretera de Balenya N\u00famero 7, C.P 08552 Taradell \u2013 Barcelona<\/li>\n<li><strong>Correo electr\u00f3nico:\u00a0<\/strong><a href=\"mailto:atencion.smclientes@gmail.com\">atencion.smclientes@gmail.com<\/a><\/li>\n<li><strong>Sitio Web: <\/strong><a href=\"https:\/\/www.tarotsirabel.com\/\">https:\/\/www.tarotsirabel.com\/<\/a><\/li>\n<\/ul>\n<h4>Finalidad del tratamiento de datos<\/h4>\n<p>Este apartado contiene, de forma general, un conjunto de menciones o referencias legales que servir\u00e1n para regular las condiciones en las que los usuarios de Internet acceden, navegan y utilizan el sitio o p\u00e1gina web.<br \/>\nTambi\u00e9n comprende los derechos, obligaciones y responsabilidades a los que las partes quedan sometidas rec\u00edprocamente durante el acceso, navegaci\u00f3n y uso del sitio web.<br \/>\nEn <strong>Tarot Sirabel<\/strong><strong>\u00a0<\/strong>tratamos los datos que nos facilitas para las siguientes finalidades:<br \/>\nRealizar una correcta gesti\u00f3n del alta dentro de nuestra plataforma\u00a0<strong>Tarot Sirabel<\/strong>.<\/p>\n<h4>\u00bfPor cu\u00e1nto tiempo conservaremos tus datos?<\/h4>\n<p>Si eres un usuario, tus datos ser\u00e1n conservados mientras dure la relaci\u00f3n contractual y comercial con nosotros, mientras no solicites su supresi\u00f3n inmediata, as\u00ed como el tiempo necesario para cumplir las obligaciones legales.<br \/>\nSi eres profesional durante el tiempo que tenga de duraci\u00f3n el contrato entre <strong>Tarot Sirabel<\/strong><strong>\u00a0<\/strong>y t\u00fa.<br \/>\nEn todo caso, conservaremos tus datos durante el tiempo necesario para cumplir las obligaciones legales.<br \/>\nIndependientemente de si eres un anunciante o un usuario, conservaremos tus datos de navegaci\u00f3n durante un plazo m\u00e1ximo de 12 meses.<\/p>\n<h4>\u00bfA qu\u00e9 destinatarios se comunicar\u00e1n tus datos? Protecci\u00f3n Datos<\/h4>\n<p>Tus datos personales ser\u00e1n comunicados a terceros en los siguientes supuestos:<br \/>\nTus datos personales podr\u00e1n ser cedidos a las autoridades competentes en los casos que exista una obligaci\u00f3n legal.<\/p>\n<h4>\u00bfCu\u00e1les son tus derechos cuando nos facilitas tus datos y c\u00f3mo puedes ejercerlos? Protecci\u00f3n de Datos<\/h4>\n<p>Tienes derecho a obtener confirmaci\u00f3n sobre si en <strong>Tarot Sirabel<\/strong><strong>\u00a0<\/strong>estamos tratando datos personales que te conciernan, o no.<br \/>\nTienes derecho a acceder a tus datos personales, as\u00ed como a solicitar la rectificaci\u00f3n de los datos inexactos o solicitar su supresi\u00f3n cuando, entre otros motivos, los datos ya no sean necesarios para los fines que fueron recogidos.<br \/>\nEn determinadas circunstancias, podr\u00e1s solicitar la limitaci\u00f3n del tratamiento de tus datos, en cuyo caso \u00fanicamente los conservaremos para el ejercicio o la defensa de reclamaciones.<\/p>\n<p>Adicionalmente, en determinadas circunstancias y por motivos relacionados con tu situaci\u00f3n particular, podr\u00e1s oponerte al tratamiento de tus datos. <strong>Tarot Sirabel<\/strong>\u00a0dejar\u00e1 de tratar los datos, salvo por motivos leg\u00edtimos imperiosos, o el ejercicio o la defensa de posibles reclamaciones. Asimismo, puedes ejercer el derecho a la portabilidad de los datos, as\u00ed como retirar los consentimientos facilitados en cualquier momento.<\/p>\n<p>Sin que ello afecte a la licitud del tratamiento basado en el consentimiento previo a su retirada. En tanto en cuanto los datos del usuario son objeto de tratamiento por parte de\u00a0<strong>Tarot Sirabel<\/strong>. Los usuarios podr\u00e1n ejercer los derechos de acceso, rectificaci\u00f3n, cancelaci\u00f3n y oposici\u00f3n de acuerdo con lo previsto en la normativa legal vigente en materia de protecci\u00f3n de datos<br \/>\npersonales. Para hacer uso del ejercicio de estos derechos, el usuario deber\u00e1 dirigirse mediante comunicaci\u00f3n escrita, aportando documentaci\u00f3n que acredite su identidad (DNI o pasaporte), a la siguiente direcci\u00f3n: Carretera de Balenya N\u00famero 37 Bajo, C.P 08552 Taradell \u2013 Barcelona o en su defecto solicitarlo por correo electr\u00f3nico a\u00a0<a href=\"mailto:atencion.smclientes@gmail.com\">atencion.smclientes@gmail.com<\/a><\/p>\n","protected":false},"excerpt":{"rendered":"<p>Identificaci\u00f3n y Titularidad Este sitio Web est\u00e1 bajo el Reglamento Europeo de Protecci\u00f3n de Datos (RGPD) y a la reciente Ley Org\u00e1nica 3\/2018, de 5 de diciembre, de Protecci\u00f3n de Datos Personales y garant\u00eda de los derechos digitales. Titular:\u00a0Siramiguel S.L CIF:\u00a0\u00a0B65604100 Domicilio:\u00a0Carretera de Balenya N\u00famero 7, C.P 08552 Taradell \u2013 Barcelona Correo electr\u00f3nico:\u00a0atencion.smclientes@gmail.com Sitio Web: [&hellip;]<\/p>\n","protected":false},"author":1,"featured_media":0,"parent":0,"menu_order":0,"comment_status":"closed","ping_status":"closed","template":"","meta":{"_sitemap_exclude":false,"_sitemap_priority":"","_sitemap_frequency":"","footnotes":""},"class_list":["post-592","page","type-page","status-publish","hentry"],"_links":{"self":[{"href":"https:\/\/www.tarotsirabel.com\/index.php\/wp-json\/wp\/v2\/pages\/592","targetHints":{"allow":["GET"]}}],"collection":[{"href":"https:\/\/www.tarotsirabel.com\/index.php\/wp-json\/wp\/v2\/pages"}],"about":[{"href":"https:\/\/www.tarotsirabel.com\/index.php\/wp-json\/wp\/v2\/types\/page"}],"author":[{"embeddable":true,"href":"https:\/\/www.tarotsirabel.com\/index.php\/wp-json\/wp\/v2\/users\/1"}],"replies":[{"embeddable":true,"href":"https:\/\/www.tarotsirabel.com\/index.php\/wp-json\/wp\/v2\/comments?post=592"}],"version-history":[{"count":0,"href":"https:\/\/www.tarotsirabel.com\/index.php\/wp-json\/wp\/v2\/pages\/592\/revisions"}],"wp:attachment":[{"href":"https:\/\/www.tarotsirabel.com\/index.php\/wp-json\/wp\/v2\/media?parent=592"}],"curies":[{"name":"wp","href":"https:\/\/api.w.org\/{rel}","templated":true}]}}