{"id":2,"date":"2024-06-07T09:37:22","date_gmt":"2024-06-07T09:37:22","guid":{"rendered":"https:\/\/www.tarotsirabel.com\/?page_id=2"},"modified":"2025-09-16T09:18:20","modified_gmt":"2025-09-16T09:18:20","slug":"sample-page","status":"publish","type":"page","link":"https:\/\/www.tarotsirabel.com\/index.php\/sample-page\/","title":{"rendered":"Carmen Vidente M\u00e9dium"},"content":{"rendered":"<div data-colibri-id=\"2-c1\" class=\"style-697 style-local-2-c1 position-relative\">\n  <!---->\n  <div data-colibri-component=\"section\" data-colibri-id=\"2-c2\" id=\"about\" class=\"h-section h-section-global-spacing d-flex align-items-lg-center align-items-md-center align-items-center style-702 style-local-2-c2 position-relative\">\n    <!---->\n    <!---->\n    <div class=\"h-section-grid-container h-section-boxed-container\">\n      <!---->\n      <div data-colibri-id=\"2-c3\" class=\"h-row-container gutters-row-lg-0 gutters-row-md-0 gutters-row-0 gutters-row-v-lg-0 gutters-row-v-md-0 gutters-row-v-0 style-703 style-local-2-c3 position-relative\">\n        <!---->\n        <div class=\"h-row justify-content-lg-center justify-content-md-center justify-content-center align-items-lg-stretch align-items-md-stretch align-items-stretch gutters-col-lg-0 gutters-col-md-0 gutters-col-0 gutters-col-v-lg-0 gutters-col-v-md-0 gutters-col-v-0\">\n          <!---->\n          <div class=\"h-column h-column-container d-flex h-col-lg-auto h-col-md-auto h-col-auto style-705-outer style-local-2-c4-outer\">\n            <div data-colibri-id=\"2-c4\" class=\"d-flex h-flex-basis h-column__inner h-px-lg-2 h-px-md-2 h-px-2 v-inner-lg-2 v-inner-md-2 v-inner-2 style-705 style-local-2-c4 position-relative\">\n              <!---->\n              <!---->\n              <div class=\"w-100 h-y-container h-column__content h-column__v-align flex-basis-100 align-self-lg-start align-self-md-start align-self-start\">\n                <!---->\n                <div data-colibri-id=\"2-c5\" class=\"h-global-transition-all h-heading style-707 style-local-2-c5 position-relative h-element\">\n                  <!---->\n                  <div class=\"h-heading__outer style-707 style-local-2-c5\">\n                    <!---->\n                    <!---->\n                    <h2 class=\"\"> Carmen Vidente M\u00e9dium<\/h2>\n                  <\/div>\n                <\/div>\n                <div data-colibri-id=\"2-c6\" class=\"h-text h-text-component style-779 style-local-2-c6 position-relative h-element\">\n                  <!---->\n                  <!---->\n                  <div class=\"\">\n                    <p>Me llamo Carmen Vicente llevo muchos a\u00f1os trabajando en el mundo de los m\u00e9diums. Desde joven, descubr\u00ed que ten\u00eda la habilidad de comunicarse con el m\u00e1s all\u00e1, algo que al principio me caus\u00f3 un poco de miedo, pero pronto se convirti\u00f3\n                      en mi pasi\u00f3n. Con el tiempo, decid\u00ed dejar atr\u00e1s mi vida cotidiana y dedicarme por completo a ayudar a las personas a conectarse con sus seres queridos que han partido.&nbsp;Lo curioso de mi es que no solo recibo mensajes de aquellos\n                      que han cruzado, sino que tambi\u00e9n tengo una forma muy especial de interpretar las energ\u00edas que me rodean. En mis sesiones, combino intuici\u00f3n y sensibilidad, creando un ambiente acogedor donde los consultantes se sienten seguros para\n                      abrir su coraz\u00f3n. Mi enfoque es totalmente \u00fanico; en lugar de dar s\u00f3lo respuestas, yo suelo invitar a la reflexi\u00f3n y al entendimiento, lo que hace que cada encuentro sea m\u00e1s que una simple consulta.<\/p>\n                  <\/div>\n                <\/div>\n              <\/div>\n            <\/div>\n          <\/div>\n          <div class=\"h-column h-column-container d-flex h-col-lg-auto h-col-md-auto h-col-auto style-781-outer style-local-2-c7-outer\">\n            <div data-colibri-id=\"2-c7\" class=\"d-flex h-flex-basis h-column__inner h-px-lg-2 h-px-md-2 h-px-2 v-inner-lg-2 v-inner-md-2 v-inner-2 style-781 style-local-2-c7 position-relative\">\n              <!---->\n              <!---->\n              <div class=\"w-100 h-y-container h-column__content h-column__v-align flex-basis-100 align-self-lg-start align-self-md-start align-self-start\">\n                <!---->\n                <div data-colibri-id=\"2-c8\" class=\"d-block style-782 style-local-2-c8 position-relative h-element\">\n                  <!---->\n                  <div class=\"h-image__frame-container-outer\">\n                    <div class=\"h-image__frame-container\">\n                      <!---->\n                      <!---->\n                      <img loading=\"lazy\" decoding=\"async\" width=\"497\" height=\"649\" src=\"https:\/\/www.tarotsirabel.com\/wp-content\/uploads\/2024\/06\/cropped-cropped-cropped-cropped-Carmen4.png-1-1.webp\" class=\"wp-image-1577 style-782-image style-local-2-c8-image\" alt=\"\" srcset=\"https:\/\/www.tarotsirabel.com\/wp-content\/uploads\/2024\/06\/cropped-cropped-cropped-cropped-Carmen4.png-1-1.webp 497w, https:\/\/www.tarotsirabel.com\/wp-content\/uploads\/2024\/06\/cropped-cropped-cropped-cropped-Carmen4.png-1-1-230x300.webp 230w\" sizes=\"auto, (max-width: 497px) 100vw, 497px\" \/>\n                      <div class=\"h-image__frame h-hide-lg h-hide-md h-hide-sm style-782-frameImage style-local-2-c8-frameImage\"><\/div>\n                    <\/div>\n                  <\/div>\n                <\/div>\n                <div data-colibri-id=\"2-c9\" class=\"h-global-transition-all h-heading style-783 style-local-2-c9 position-relative h-element\">\n                  <!---->\n                  <div class=\"h-heading__outer style-783 style-local-2-c9\">\n                    <!---->\n                    <!---->\n                    <h4 class=\"\">Atiendo en todo el pa\u00eds, estoy en C\u00f3rdoba<\/h4>\n                  <\/div>\n                <\/div>\n              <\/div>\n            <\/div>\n          <\/div>\n        <\/div>\n      <\/div>\n      <div data-colibri-id=\"2-c10\" class=\"h-row-container gutters-row-lg-2 gutters-row-md-2 gutters-row-0 gutters-row-v-lg-2 gutters-row-v-md-2 gutters-row-v-2 style-777 style-local-2-c10 position-relative\">\n        <!---->\n        <div class=\"h-row justify-content-lg-center justify-content-md-center justify-content-center align-items-lg-stretch align-items-md-stretch align-items-stretch gutters-col-lg-2 gutters-col-md-2 gutters-col-0 gutters-col-v-lg-2 gutters-col-v-md-2 gutters-col-v-2\">\n          <!---->\n          <div class=\"h-column h-column-container d-flex h-col-lg-auto h-col-md-auto h-col-auto style-778-outer style-local-2-c11-outer\">\n            <div data-colibri-id=\"2-c11\" class=\"d-flex h-flex-basis h-column__inner h-px-lg-2 h-px-md-2 h-px-2 v-inner-lg-2 v-inner-md-2 v-inner-2 style-778 style-local-2-c11 position-relative\">\n              <!---->\n              <!---->\n              <div class=\"w-100 h-y-container h-column__content h-column__v-align flex-basis-100 align-self-lg-start align-self-md-start align-self-start\">\n                <!---->\n                <div data-colibri-id=\"2-c12\" class=\"h-text h-text-component style-780 style-local-2-c12 position-relative h-element\">\n                  <!---->\n                  <!---->\n                  <div class=\"\">\n                    <p>He transformado el concepto del m\u00e9dium, llev\u00e1ndolo hacia un espacio de sanaci\u00f3n y conexi\u00f3n aut\u00e9ntica. Con cada sesi\u00f3n, demuestro que la comunicaci\u00f3n con el m\u00e1s all\u00e1 puede ser tanto profunda como divertida, creando un puente entre el\n                      amor que perdura y las risas que nunca se olvidan. Si alguna vez tienes la oportunidad de realizarte conmigo una de sus lecturas, \u00a1no dudes!.<\/p>\n                    <p>Puede que salgas con m\u00e1s que respuestas: tal vez incluso con alguna an\u00e9cdota que te haga sonre\u00edr.<\/p>\n                  <\/div>\n                <\/div>\n              <\/div>\n            <\/div>\n          <\/div>\n        <\/div>\n      <\/div>\n    <\/div>\n  <\/div>\n<\/div>","protected":false},"excerpt":{"rendered":"<p>Carmen Vidente M\u00e9dium Me llamo Carmen Vicente llevo muchos a\u00f1os trabajando en el mundo de los m\u00e9diums. Desde joven, descubr\u00ed que ten\u00eda la habilidad de comunicarse con el m\u00e1s all\u00e1, algo que al principio me caus\u00f3 un poco de miedo, pero pronto se convirti\u00f3 en mi pasi\u00f3n. Con el tiempo, decid\u00ed dejar atr\u00e1s mi vida [&hellip;]<\/p>\n","protected":false},"author":1,"featured_media":0,"parent":0,"menu_order":0,"comment_status":"closed","ping_status":"open","template":"page-templates\/full-width-page.php","meta":{"_sitemap_exclude":false,"_sitemap_priority":"","_sitemap_frequency":"","footnotes":""},"class_list":["post-2","page","type-page","status-publish","hentry"],"_links":{"self":[{"href":"https:\/\/www.tarotsirabel.com\/index.php\/wp-json\/wp\/v2\/pages\/2","targetHints":{"allow":["GET"]}}],"collection":[{"href":"https:\/\/www.tarotsirabel.com\/index.php\/wp-json\/wp\/v2\/pages"}],"about":[{"href":"https:\/\/www.tarotsirabel.com\/index.php\/wp-json\/wp\/v2\/types\/page"}],"author":[{"embeddable":true,"href":"https:\/\/www.tarotsirabel.com\/index.php\/wp-json\/wp\/v2\/users\/1"}],"replies":[{"embeddable":true,"href":"https:\/\/www.tarotsirabel.com\/index.php\/wp-json\/wp\/v2\/comments?post=2"}],"version-history":[{"count":0,"href":"https:\/\/www.tarotsirabel.com\/index.php\/wp-json\/wp\/v2\/pages\/2\/revisions"}],"wp:attachment":[{"href":"https:\/\/www.tarotsirabel.com\/index.php\/wp-json\/wp\/v2\/media?parent=2"}],"curies":[{"name":"wp","href":"https:\/\/api.w.org\/{rel}","templated":true}]}}