{"id":1598,"date":"2025-09-16T08:44:03","date_gmt":"2025-09-16T08:44:03","guid":{"rendered":"https:\/\/www.tarotsirabel.com\/?page_id=1598"},"modified":"2025-09-16T09:16:08","modified_gmt":"2025-09-16T09:16:08","slug":"tarot-del-amor","status":"publish","type":"page","link":"https:\/\/www.tarotsirabel.com\/index.php\/tarot-del-amor\/","title":{"rendered":"Tarot del Amor"},"content":{"rendered":"<div data-colibri-id=\"1598-c1\" class=\"style-784 style-local-1598-c1 position-relative\">\n  <!---->\n  <div data-colibri-component=\"section\" data-colibri-id=\"1598-c14\" id=\"custom-3\" class=\"h-section h-section-global-spacing d-flex align-items-lg-center align-items-md-center align-items-center style-797 style-local-1598-c14 position-relative\">\n    <!---->\n    <!---->\n    <div class=\"h-section-grid-container h-section-boxed-container\">\n      <!---->\n      <div data-colibri-id=\"1598-c20\" class=\"h-row-container gutters-row-lg-2 gutters-row-md-2 gutters-row-0 gutters-row-v-lg-2 gutters-row-v-md-2 gutters-row-v-2 style-803 style-local-1598-c20 position-relative\">\n        <!---->\n        <div class=\"h-row justify-content-lg-center justify-content-md-center justify-content-center align-items-lg-stretch align-items-md-stretch align-items-stretch gutters-col-lg-2 gutters-col-md-2 gutters-col-0 gutters-col-v-lg-2 gutters-col-v-md-2 gutters-col-v-2\">\n          <!---->\n          <div class=\"h-column h-column-container d-flex h-col-lg-auto h-col-md-auto h-col-auto style-804-outer style-local-1598-c21-outer\">\n            <div data-colibri-id=\"1598-c21\" class=\"d-flex h-flex-basis h-column__inner h-px-lg-2 h-px-md-2 h-px-2 v-inner-lg-2 v-inner-md-2 v-inner-2 style-804 style-local-1598-c21 position-relative\">\n              <!---->\n              <!---->\n              <div class=\"w-100 h-y-container h-column__content h-column__v-align flex-basis-100 align-self-lg-start align-self-md-start align-self-start\">\n                <!---->\n                <div data-colibri-id=\"1598-c22\" class=\"h-global-transition-all h-heading style-796 style-local-1598-c22 position-relative h-element\">\n                  <!---->\n                  <div class=\"h-heading__outer style-796 style-local-1598-c22\">\n                    <!---->\n                    <!---->\n                    <h2 class=\"\">Tarot del Amor: Descubriendo el Coraz\u00f3n<\/h2>\n                  <\/div>\n                <\/div>\n              <\/div>\n            <\/div>\n          <\/div>\n        <\/div>\n      <\/div>\n      <div data-colibri-id=\"1598-c15\" class=\"h-row-container gutters-row-lg-2 gutters-row-md-2 gutters-row-0 gutters-row-v-lg-2 gutters-row-v-md-2 gutters-row-v-2 style-798 style-local-1598-c15 position-relative\">\n        <!---->\n        <div class=\"h-row justify-content-lg-center justify-content-md-center justify-content-center align-items-lg-stretch align-items-md-stretch align-items-stretch gutters-col-lg-2 gutters-col-md-2 gutters-col-0 gutters-col-v-lg-2 gutters-col-v-md-2 gutters-col-v-2\">\n          <!---->\n          <div class=\"h-column h-column-container d-flex h-col-lg-auto h-col-md-auto h-col-auto style-799-outer style-local-1598-c16-outer\">\n            <div data-colibri-id=\"1598-c16\" class=\"d-flex h-flex-basis h-column__inner h-px-lg-2 h-px-md-2 h-px-2 v-inner-lg-2 v-inner-md-2 v-inner-2 style-799 style-local-1598-c16 position-relative\">\n              <!---->\n              <!---->\n              <div class=\"w-100 h-y-container h-column__content h-column__v-align flex-basis-100 align-self-lg-start align-self-md-start align-self-start\">\n                <!---->\n                <div data-colibri-id=\"1598-c18\" class=\"d-block style-801 style-local-1598-c18 position-relative h-element\">\n                  <!---->\n                  <div class=\"h-image__frame-container-outer\">\n                    <div class=\"h-image__frame-container\">\n                      <!---->\n                      <!---->\n                      <img loading=\"lazy\" decoding=\"async\" width=\"1080\" height=\"1080\" src=\"https:\/\/www.tarotsirabel.com\/wp-content\/uploads\/2025\/08\/cropped-8.png\" class=\"wp-image-1615 style-801-image style-local-1598-c18-image\" alt=\"\" srcset=\"https:\/\/www.tarotsirabel.com\/wp-content\/uploads\/2025\/08\/cropped-8.png 1080w, https:\/\/www.tarotsirabel.com\/wp-content\/uploads\/2025\/08\/cropped-8-300x300.png 300w, https:\/\/www.tarotsirabel.com\/wp-content\/uploads\/2025\/08\/cropped-8-1024x1024.png 1024w, https:\/\/www.tarotsirabel.com\/wp-content\/uploads\/2025\/08\/cropped-8-150x150.png 150w, https:\/\/www.tarotsirabel.com\/wp-content\/uploads\/2025\/08\/cropped-8-768x768.png 768w\" sizes=\"auto, (max-width: 1080px) 100vw, 1080px\" \/>\n                      <div class=\"h-image__frame h-hide-lg h-hide-md h-hide-sm style-801-frameImage style-local-1598-c18-frameImage\"><\/div>\n                    <\/div>\n                  <\/div>\n                <\/div>\n              <\/div>\n            <\/div>\n          <\/div>\n          <div class=\"h-column h-column-container d-flex h-col-lg-auto h-col-md-auto h-col-auto style-800-outer style-local-1598-c17-outer\">\n            <div data-colibri-id=\"1598-c17\" class=\"d-flex h-flex-basis h-column__inner h-px-lg-2 h-px-md-2 h-px-2 v-inner-lg-2 v-inner-md-2 v-inner-2 style-800 style-local-1598-c17 position-relative\">\n              <!---->\n              <!---->\n              <div class=\"w-100 h-y-container h-column__content h-column__v-align flex-basis-100 align-self-lg-start align-self-md-start align-self-start\">\n                <!---->\n                <div data-colibri-id=\"1598-c19\" class=\"h-text h-text-component style-802 style-local-1598-c19 position-relative h-element\">\n                  <!---->\n                  <!---->\n                  <div class=\"\">\n                    <p>El Tarot del Amor combina la sabidur\u00eda ancestral de las cartas con la b\u00fasqueda contempor\u00e1nea de la comprensi\u00f3n emocional. Si alguna vez te has preguntado sobre el estado de tu vida amorosa o necesitas un poco de claridad en tus relaciones,\n                      \u00a1el Tarot puede ofrecerte ese vistazo especial que buscas!<\/p>\n                    <p>Primero, hablemos de c\u00f3mo funciona. El tarot cuenta con 78 cartas, divididas entre los Arcanos Mayores y Menores. Para el amor, muchos lectores suelen enfocarse en ciertas cartas que revelan aspectos clave sobre las relaciones, como\n                      la felicidad, conflictos, y decisiones a tomar. Por ejemplo, la carta de los Enamorados no solo sugiere la presencia del amor rom\u00e1ntico, sino tambi\u00e9n la necesidad de tomar decisiones importantes en tu vida amorosa.&nbsp;<\/p>\n                    <p><span style=\"font-weight: 400; font-size: 16px; font-family: &quot;Open Sans&quot;; color: rgb(23, 37, 42);\">Una de las cosas m\u00e1s interesantes del Tarot del Amor es su capacidad de reflejar nuestras emociones m\u00e1s profundas. Cada carta tiene su propia energ\u00eda y simbolismo. La Rueda de la Fortuna puede sugerir cambios inesperados en tu vida amorosa, mientras que el Dos de Copas se\u00f1ala la posibilidad de nuevas conexiones significativas. As\u00ed que si sientes mariposas en el est\u00f3mago por alguien nuevo, esa carta podr\u00eda ser un buen presagio.<\/span><\/p>\n                  <\/div>\n                <\/div>\n              <\/div>\n            <\/div>\n          <\/div>\n        <\/div>\n      <\/div>\n      <div data-colibri-id=\"1598-c23\" class=\"h-row-container gutters-row-lg-2 gutters-row-md-2 gutters-row-0 gutters-row-v-lg-2 gutters-row-v-md-2 gutters-row-v-2 style-805 style-local-1598-c23 position-relative\">\n        <!---->\n        <div class=\"h-row justify-content-lg-center justify-content-md-center justify-content-center align-items-lg-stretch align-items-md-stretch align-items-stretch gutters-col-lg-2 gutters-col-md-2 gutters-col-0 gutters-col-v-lg-2 gutters-col-v-md-2 gutters-col-v-2\">\n          <!---->\n          <div class=\"h-column h-column-container d-flex h-col-lg-auto h-col-md-auto h-col-auto style-806-outer style-local-1598-c24-outer\">\n            <div data-colibri-id=\"1598-c24\" class=\"d-flex h-flex-basis h-column__inner h-px-lg-2 h-px-md-2 h-px-2 v-inner-lg-2 v-inner-md-2 v-inner-2 style-806 style-local-1598-c24 position-relative\">\n              <!---->\n              <!---->\n              <div class=\"w-100 h-y-container h-column__content h-column__v-align flex-basis-100 align-self-lg-start align-self-md-start align-self-start\">\n                <!---->\n                <div data-colibri-id=\"1598-c25\" class=\"h-text h-text-component style-792 style-local-1598-c25 position-relative h-element\">\n                  <!---->\n                  <!---->\n                  <div class=\"\">\n                    <p>Es importante recordar que el tarot no predice el futuro de manera definitiva, sino que sirve como una gu\u00eda. Puede ayudarte a ver las posibilidades, a entender las din\u00e1micas de tus relaciones e incluso a darte esa confianza que a veces\n                      nos falta. Uno de los errores comunes es ser demasiado r\u00edgido con las lecturas; en realidad, el tarot es una invitaci\u00f3n a la reflexi\u00f3n y al autoconocimiento.<\/p>\n                    <p>Si decides explorar el Tarot del Amor, busca un lector que resuene contigo o, si lo prefieres, intenta leer t\u00fa mismo tus cartas. Puedes hacerlo en un ambiente tranquilo, dejando que tu intuici\u00f3n gu\u00ede la interpretaci\u00f3n. Preg\u00fantate:\n                      \u00bfQu\u00e9 necesito saber sobre mi amor? \u00bfC\u00f3mo puedo mejorar mis relaciones? Las respuestas podr\u00edan sorprenderte.<\/p>\n                    <p>As\u00ed que, ya sea que est\u00e9s enamorado, en busca de amor o simplemente curioso, el Tarot del Amor puede ser una herramienta poderosa para conocer no solo a los dem\u00e1s, sino tambi\u00e9n a ti mismo. Atr\u00e9vete a explorar estas cartas y descubre\n                      lo que el universo tiene reservado para tu coraz\u00f3n. \u00a1El amor est\u00e1 a la vuelta de la esquina!<\/p>\n                  <\/div>\n                <\/div>\n              <\/div>\n            <\/div>\n          <\/div>\n        <\/div>\n      <\/div>\n    <\/div>\n  <\/div>\n<\/div>","protected":false},"excerpt":{"rendered":"<p>Tarot del Amor: Descubriendo el Coraz\u00f3n El Tarot del Amor combina la sabidur\u00eda ancestral de las cartas con la b\u00fasqueda contempor\u00e1nea de la comprensi\u00f3n emocional. Si alguna vez te has preguntado sobre el estado de tu vida amorosa o necesitas un poco de claridad en tus relaciones, \u00a1el Tarot puede ofrecerte ese vistazo especial que [&hellip;]<\/p>\n","protected":false},"author":1,"featured_media":0,"parent":0,"menu_order":0,"comment_status":"closed","ping_status":"closed","template":"page-templates\/full-width-page.php","meta":{"_sitemap_exclude":false,"_sitemap_priority":"","_sitemap_frequency":"","footnotes":""},"class_list":["post-1598","page","type-page","status-publish","hentry"],"_links":{"self":[{"href":"https:\/\/www.tarotsirabel.com\/index.php\/wp-json\/wp\/v2\/pages\/1598","targetHints":{"allow":["GET"]}}],"collection":[{"href":"https:\/\/www.tarotsirabel.com\/index.php\/wp-json\/wp\/v2\/pages"}],"about":[{"href":"https:\/\/www.tarotsirabel.com\/index.php\/wp-json\/wp\/v2\/types\/page"}],"author":[{"embeddable":true,"href":"https:\/\/www.tarotsirabel.com\/index.php\/wp-json\/wp\/v2\/users\/1"}],"replies":[{"embeddable":true,"href":"https:\/\/www.tarotsirabel.com\/index.php\/wp-json\/wp\/v2\/comments?post=1598"}],"version-history":[{"count":0,"href":"https:\/\/www.tarotsirabel.com\/index.php\/wp-json\/wp\/v2\/pages\/1598\/revisions"}],"wp:attachment":[{"href":"https:\/\/www.tarotsirabel.com\/index.php\/wp-json\/wp\/v2\/media?parent=1598"}],"curies":[{"name":"wp","href":"https:\/\/api.w.org\/{rel}","templated":true}]}}